{"id":61,"date":"2019-08-09T11:06:58","date_gmt":"2019-08-09T15:06:58","guid":{"rendered":"https:\/\/hospitaltaiwan.gob.do\/transparencia\/?page_id=61"},"modified":"2022-06-20T14:44:59","modified_gmt":"2022-06-20T18:44:59","slug":"como-registrarse-como-proveedor-del-estado","status":"publish","type":"page","link":"https:\/\/hospitalsenoraderegla.gob.do\/transparencia\/compras-y-contrataciones\/como-registrarse-como-proveedor-del-estado\/","title":{"rendered":"C\u00f3mo Registrarse como Proveedor del Estado"},"content":{"rendered":"\n<p>Para usted ser proveedor&nbsp;del Estado s\u00f3lo debe completar los siguientes pasos:<\/p>\n<p><strong>Para Personas Jur\u00eddicas:<\/strong><\/p>\n<ul>\n<li>RNC<\/li>\n<li>Raz\u00f3n Social<\/li>\n<li>Nombre Comercial<\/li>\n<li>Pa\u00eds de Origen<\/li>\n<li>Provee: (Bienes, Servicios, Consultor\u00eda, Obras)<\/li>\n<li>Tipo de Empresa: (Micro, Peque\u00f1a, Mediana, Grande)<\/li>\n<li>Rama: (Fabricante, Distribuidor, Representante, Importadores)<\/li>\n<li>Rubros de distribuci\u00f3n principal y secundarios<\/li>\n<li>Domicilio legal<\/li>\n<li>Domicilio Comercial<\/li>\n<li>Datos del Contacto<\/li>\n<li>No encontrarse en ninguna de las situaciones de exclusi\u00f3n enumeradas en el art\u00edculo 34 del Decreto 63\u201006.<br>Estar al d\u00eda en el pago de sus obligaciones laborales y fiscales, conforme a la legislaci\u00f3n vigente y de seguridad fiscal.<\/li>\n<\/ul>\n<p><strong>Para Personas Naturales:<\/strong><\/p>\n<ul>\n<li>N\u00famero de C\u00e9dula o Pasaporte<\/li>\n<li>RNC<\/li>\n<li>Generales<\/li>\n<li>Provee: (Bienes, Servicios, Consultor\u00eda, Obras)<\/li>\n<li>Rubros de distribuci\u00f3n principal y secundarios<\/li>\n<li>Tipo de Colegiatura<\/li>\n<li>Domicilio Comercial<\/li>\n<li>No encontrarse en ninguna de las situaciones de exclusi\u00f3n enumeradas en el art\u00edculo 34 del Decreto 63\u201006.<br>Estar al d\u00eda en el pago de sus obligaciones laborales y de seguridad fiscal, conforme a la legislaci\u00f3n vigente.<\/li>\n<\/ul>\n<p>Para ampliar m\u00e1s esta informaci\u00f3n, puede ir al portal de<strong>&nbsp;&#8220;Compras y Contrataciones del Estado&#8221; <\/strong>pulsando el siguiente enlace:<\/p>\n<p><strong><br><a href=\"https:\/\/www.comprasdominicana.gob.do\/web\/guest\/como-inscribirse\" target=\"_blank\" rel=\"noopener noreferrer\">\u00bfC\u00d3MO INSCRIBIRSE? <i class=\"fa fa-link\" aria-hidden=\"true\"><\/i><\/a><\/strong><\/p>\n","protected":false},"excerpt":{"rendered":"<p>Para usted ser proveedor&nbsp;del Estado s\u00f3lo debe completar los siguientes pasos: Para Personas Jur\u00eddicas: RNC Raz\u00f3n Social Nombre Comercial Pa\u00eds de Origen Provee: (Bienes, Servicios, Consultor\u00eda, Obras) Tipo de Empresa: (Micro, Peque\u00f1a, Mediana, Grande) Rama: (Fabricante, Distribuidor, Representante, Importadores) Rubros de distribuci\u00f3n principal y secundarios Domicilio legal Domicilio Comercial Datos del Contacto No encontrarse en [&hellip;]<\/p>\n","protected":false},"author":1,"featured_media":0,"parent":59,"menu_order":0,"comment_status":"closed","ping_status":"closed","template":"","meta":[],"_links":{"self":[{"href":"https:\/\/hospitalsenoraderegla.gob.do\/transparencia\/wp-json\/wp\/v2\/pages\/61"}],"collection":[{"href":"https:\/\/hospitalsenoraderegla.gob.do\/transparencia\/wp-json\/wp\/v2\/pages"}],"about":[{"href":"https:\/\/hospitalsenoraderegla.gob.do\/transparencia\/wp-json\/wp\/v2\/types\/page"}],"author":[{"embeddable":true,"href":"https:\/\/hospitalsenoraderegla.gob.do\/transparencia\/wp-json\/wp\/v2\/users\/1"}],"replies":[{"embeddable":true,"href":"https:\/\/hospitalsenoraderegla.gob.do\/transparencia\/wp-json\/wp\/v2\/comments?post=61"}],"version-history":[{"count":1,"href":"https:\/\/hospitalsenoraderegla.gob.do\/transparencia\/wp-json\/wp\/v2\/pages\/61\/revisions"}],"predecessor-version":[{"id":3517,"href":"https:\/\/hospitalsenoraderegla.gob.do\/transparencia\/wp-json\/wp\/v2\/pages\/61\/revisions\/3517"}],"up":[{"embeddable":true,"href":"https:\/\/hospitalsenoraderegla.gob.do\/transparencia\/wp-json\/wp\/v2\/pages\/59"}],"wp:attachment":[{"href":"https:\/\/hospitalsenoraderegla.gob.do\/transparencia\/wp-json\/wp\/v2\/media?parent=61"}],"curies":[{"name":"wp","href":"https:\/\/api.w.org\/{rel}","templated":true}]}}