{"id":59,"date":"2022-03-02T11:02:37","date_gmt":"2022-03-02T15:02:37","guid":{"rendered":"https:\/\/hospitaltaiwan.gob.do\/transparencia\/?page_id=59"},"modified":"2022-03-09T09:46:23","modified_gmt":"2022-03-09T13:46:23","slug":"compras-y-contrataciones","status":"publish","type":"page","link":"https:\/\/hospitalsenoraderegla.gob.do\/transparencia\/compras-y-contrataciones\/","title":{"rendered":"Compras y Contrataciones"},"content":{"rendered":"\n<div class=\"wp-block-columns has-3-columns\">\n<div class=\"wp-block-column\">\n<div class=\"descripcion-servicios\">\n<a href=\"\/transparencia\/compras-y-contrataciones\/como-registrarse-como-proveedor-del-estado\"><span class=\"fonticon\">\n<i class=\"fa fa-sign-in-alt\"><\/i>\n<\/span><\/a>\n<p>C\u00f3mo Registrarse como Proveedor del Estado<\/p><\/div>\n<\/div>\n\n\n\n<div class=\"wp-block-column\">\n<div class=\"descripcion-servicios\">\n<a href=\"\/transparencia\/compras-y-contrataciones\/plan-anual-de-compras-y-contrataciones\"><span class=\"fonticon\">\n<i class=\"fa fa-calendar-alt\"><\/i>\n<\/span><\/a>\n<p>Plan Anual de Compras y Contrataciones (PACC)<\/p><\/div>\n<\/div>\n\n\n\n<div class=\"wp-block-column\">\n<div class=\"descripcion-servicios\">\n<a href=\"\/transparencia\/compras-y-contrataciones\/licitaciones-publicas-nacionales-e-internacional\"><span class=\"fonticon\">\n<i class=\"fa fa-gavel\"><\/i>\n<\/span><\/a>\n<p>Licitaciones P\u00fablicas Nacionales e Internacional<\/p><\/div>\n<\/div>\n<\/div>\n\n\n\n<div class=\"wp-block-columns has-3-columns\">\n<div class=\"wp-block-column\">\n<div class=\"descripcion-servicios\">\n<a href=\"\/transparencia\/compras-y-contrataciones\/licitaciones-restringidas\"><span class=\"fonticon\">\n<i class=\"fa fa-compass\"><\/i>\n<\/span><\/a>\n<p>Licitaciones Restringidas<\/p><\/div>\n<\/div>\n\n\n\n<div class=\"wp-block-column\">\n<div class=\"descripcion-servicios\">\n<a href=\"\/transparencia\/compras-y-contrataciones\/sorteos-de-obras\"><span class=\"fonticon\">\n<i class=\"fa fa-bank\"><\/i>\n<\/span><\/a>\n<p>Sorteos de Obras<\/p><\/div>\n<\/div>\n\n\n\n<div class=\"wp-block-column\">\n<div class=\"descripcion-servicios\">\n<a href=\"\/transparencia\/compras-y-contrataciones\/comparaciones-de-precios\"><span class=\"fonticon\">\n<i class=\"fa fa-calculator\"><\/i>\n<\/span><\/a>\n<p>Comparaciones de Precios<\/p><\/div>\n<\/div>\n<\/div>\n\n\n\n<p><\/p>\n\n\n\n<div class=\"wp-block-columns has-3-columns\">\n<div class=\"wp-block-column\">\n<div class=\"descripcion-servicios\">\n<a href=\"\/transparencia\/compras-y-contrataciones\/compras-menores\"><span class=\"fonticon\">\n<i class=\"fa fa-flag\"><\/i>\n<\/span><\/a>\n<p>Compras Menores<\/p><\/div>\n<\/div>\n\n\n\n<div class=\"wp-block-column\">\n<div class=\"descripcion-servicios\">\n<a href=\"\/transparencia\/compras-y-contrataciones\/subasta-inversa\"><span class=\"fonticon\">\n<i class=\"fa fa-arrow-down\"><\/i>\n<\/span><\/a>\n<p>Subasta Inversa<\/p><\/div>\n<\/div>\n\n\n\n<div class=\"wp-block-column\">\n<div class=\"descripcion-servicios\">\n<a href=\"\/transparencia\/compras-y-contrataciones\/relacion-de-compras-por-debajo-del-umbral\"><span class=\"fonticon\">\n<i class=\"fa fa-cart-arrow-down\"><\/i>\n<\/span><\/a>\n<p>Relaci\u00f3n de Compras por Debajo del Umbral<\/p><\/div>\n<\/div>\n<\/div>\n\n\n\n<div class=\"wp-block-columns has-3-columns\">\n<div class=\"wp-block-column\">\n<div class=\"descripcion-servicios\">\n<a href=\"\/transparencia\/compras-y-contrataciones\/micro-pequenas-y-medianas-empresas\"><span class=\"fonticon\">\n<i class=\"fa fa-building\"><\/i>\n<\/span><\/a>\n<p>Micro, Peque\u00f1as y Medianas Empresas<\/p><\/div>\n<\/div>\n\n\n\n<div class=\"wp-block-column\">\n<div class=\"descripcion-servicios\">\n<a href=\"\/transparencia\/compras-y-contrataciones\/otros-casos-de-excepcion\"><span class=\"fonticon\">\n<i class=\"fa fa-map-signs\"><\/i>\n<\/span><\/a>\n<p>Otros Casos de Excepci\u00f3n<\/p><\/div>\n<\/div>\n\n\n\n<div class=\"wp-block-column\">\n<div class=\"descripcion-servicios\">\n<a href=\"\/transparencia\/compras-y-contrataciones\/emergencia-nacional\"><span class=\"fonticon\">\n<i class=\"fa fa-lock\"><\/i>\n<\/span><\/a>\n<p>Emergencia Nacional<\/p><\/div>\n<\/div>\n<\/div>\n\n\n\n<div class=\"wp-block-columns has-3-columns\">\n<div class=\"wp-block-column\">\n<div class=\"descripcion-servicios\">\n<a href=\"\/transparencia\/compras-y-contrataciones\/casos-de-urgencias\"><span class=\"fonticon\">\n<i class=\"fa fa-support\"><\/i>\n<\/span><\/a>\n<p>Casos de Urgencias<\/p><\/div>\n<\/div>\n\n\n\n<div class=\"wp-block-column\">\n<div class=\"descripcion-servicios\">\n<a href=\"\/transparencia\/compras-y-contrataciones\/relacion-de-estado-de-cuentas-de-suplidores\"><span class=\"fonticon\">\n<i class=\"fa fa-users\"><\/i>\n<\/span><\/a>\n<p>Relaci\u00f3n de Estado de Cuentas de Suplidores<\/p><\/div>\n<\/div>\n\n\n\n<div class=\"wp-block-column\">\n<div class=\"descripcion-servicios\">\n<a href=\"\/transparencia\/compras-y-contrataciones\/lista-de-compras-y-contrataciones-realizadas-y-aprobadas\"><span class=\"fonticon\">\n<i class=\"fa fa-bars\"><\/i>\n<\/span><\/a>\n<p>Listado de Compras y Contrataciones Aprobadas y Realizadas<\/p><\/div>\n<\/div>\n<\/div>\n\n\n\n<div class=\"wp-block-columns has-3-columns\">\n<div class=\"wp-block-column\">\n<div class=\"descripcion-servicios\">\n<a href=\"https:\/\/comunidad.comprasdominicana.gob.do\/STS\/DGCP\/Login.aspx\" target=\"_blank\" rel=\"noopener noreferrer\"><span class=\"fonticon\">\n<i class=\"fa fa-link\"><\/i>\n<\/span><\/a>\n<p>Portal Transaccional de Compras<\/p><\/div>\n<\/div>\n\n\n\n<div class=\"wp-block-column\"><\/div>\n\n\n\n<div class=\"wp-block-column\"><\/div>\n<\/div>\n","protected":false},"excerpt":{"rendered":"<p>C\u00f3mo Registrarse como Proveedor del Estado Plan Anual de Compras y Contrataciones (PACC) Licitaciones P\u00fablicas Nacionales e Internacional Licitaciones Restringidas Sorteos de Obras Comparaciones de Precios Compras Menores Subasta Inversa Relaci\u00f3n de Compras por Debajo del Umbral Micro, Peque\u00f1as y Medianas Empresas Otros Casos de Excepci\u00f3n Emergencia Nacional Casos de Urgencias Relaci\u00f3n de Estado de [&hellip;]<\/p>\n","protected":false},"author":1,"featured_media":0,"parent":0,"menu_order":0,"comment_status":"closed","ping_status":"closed","template":"","meta":[],"_links":{"self":[{"href":"https:\/\/hospitalsenoraderegla.gob.do\/transparencia\/wp-json\/wp\/v2\/pages\/59"}],"collection":[{"href":"https:\/\/hospitalsenoraderegla.gob.do\/transparencia\/wp-json\/wp\/v2\/pages"}],"about":[{"href":"https:\/\/hospitalsenoraderegla.gob.do\/transparencia\/wp-json\/wp\/v2\/types\/page"}],"author":[{"embeddable":true,"href":"https:\/\/hospitalsenoraderegla.gob.do\/transparencia\/wp-json\/wp\/v2\/users\/1"}],"replies":[{"embeddable":true,"href":"https:\/\/hospitalsenoraderegla.gob.do\/transparencia\/wp-json\/wp\/v2\/comments?post=59"}],"version-history":[{"count":1,"href":"https:\/\/hospitalsenoraderegla.gob.do\/transparencia\/wp-json\/wp\/v2\/pages\/59\/revisions"}],"predecessor-version":[{"id":3359,"href":"https:\/\/hospitalsenoraderegla.gob.do\/transparencia\/wp-json\/wp\/v2\/pages\/59\/revisions\/3359"}],"wp:attachment":[{"href":"https:\/\/hospitalsenoraderegla.gob.do\/transparencia\/wp-json\/wp\/v2\/media?parent=59"}],"curies":[{"name":"wp","href":"https:\/\/api.w.org\/{rel}","templated":true}]}}