{"id":31,"date":"2019-08-09T09:55:02","date_gmt":"2019-08-09T13:55:02","guid":{"rendered":"https:\/\/hospitaltaiwan.gob.do\/transparencia\/?page_id=31"},"modified":"2019-08-09T09:55:02","modified_gmt":"2019-08-09T13:55:02","slug":"responsable-de-acceso-a-la-informacion","status":"publish","type":"page","link":"https:\/\/hospitalsenoraderegla.gob.do\/transparencia\/oai\/responsable-de-acceso-a-la-informacion\/","title":{"rendered":"Responsable de Acceso a la Informaci\u00f3n"},"content":{"rendered":"\n<div class=\"info-contacto-hospital\">\n<h2>Lic. Hirina Moreta<\/h2>\n<h6>Responsable de Acceso a la Informaci\u00f3n<\/h6>\n<ul class=\"mapadesitio\">\n<li><i class=\"fa fa-map-marker\"><\/i>&nbsp; Calle S\u00e1nchez Km.1 Oeste, salida para Azua-Ban\u00ed. Peravia, Rep\u00fablica Dominicana.<\/li>\n<li><i class=\"fa fa-phone\"><\/i>&nbsp; <a href=\"tel:+18095223213\">809-522-3213 | 809-837-4529 <\/a><\/li>\n<li><i class=\"fa fa-envelope\"><\/i>&nbsp; <a href=\"mailto:raihnsrbani@gmail.com\">raihnsrbani@gmail.com<\/a><\/li>\n<li><i class=\"fa fa-clock-o\"><\/i>&nbsp; Lunes a Viernes de 8:00am a 4:00pm<\/li>\n<\/ul>\n<\/div>\n","protected":false},"excerpt":{"rendered":"<p>Lic. Hirina Moreta Responsable de Acceso a la Informaci\u00f3n &nbsp; Calle S\u00e1nchez Km.1 Oeste, salida para Azua-Ban\u00ed. Peravia, Rep\u00fablica Dominicana. &nbsp; 809-522-3213 | 809-837-4529 &nbsp; raihnsrbani@gmail.com &nbsp; Lunes a Viernes de 8:00am a 4:00pm<\/p>\n","protected":false},"author":1,"featured_media":0,"parent":21,"menu_order":0,"comment_status":"closed","ping_status":"closed","template":"","meta":[],"_links":{"self":[{"href":"https:\/\/hospitalsenoraderegla.gob.do\/transparencia\/wp-json\/wp\/v2\/pages\/31"}],"collection":[{"href":"https:\/\/hospitalsenoraderegla.gob.do\/transparencia\/wp-json\/wp\/v2\/pages"}],"about":[{"href":"https:\/\/hospitalsenoraderegla.gob.do\/transparencia\/wp-json\/wp\/v2\/types\/page"}],"author":[{"embeddable":true,"href":"https:\/\/hospitalsenoraderegla.gob.do\/transparencia\/wp-json\/wp\/v2\/users\/1"}],"replies":[{"embeddable":true,"href":"https:\/\/hospitalsenoraderegla.gob.do\/transparencia\/wp-json\/wp\/v2\/comments?post=31"}],"version-history":[{"count":0,"href":"https:\/\/hospitalsenoraderegla.gob.do\/transparencia\/wp-json\/wp\/v2\/pages\/31\/revisions"}],"up":[{"embeddable":true,"href":"https:\/\/hospitalsenoraderegla.gob.do\/transparencia\/wp-json\/wp\/v2\/pages\/21"}],"wp:attachment":[{"href":"https:\/\/hospitalsenoraderegla.gob.do\/transparencia\/wp-json\/wp\/v2\/media?parent=31"}],"curies":[{"name":"wp","href":"https:\/\/api.w.org\/{rel}","templated":true}]}}