{"id":19,"date":"2022-03-02T09:50:04","date_gmt":"2022-03-02T13:50:04","guid":{"rendered":"https:\/\/hospitaltaiwan.gob.do\/transparencia\/?page_id=19"},"modified":"2022-03-02T09:50:04","modified_gmt":"2022-03-02T13:50:04","slug":"derechos-de-los-cuidadanos","status":"publish","type":"page","link":"https:\/\/hospitalsenoraderegla.gob.do\/transparencia\/derechos-de-los-cuidadanos\/","title":{"rendered":"Derechos de los Cuidadanos"},"content":{"rendered":"\n<p><strong>SOLICITAR<\/strong>&nbsp;informaci\u00f3n de cualquier \u00f3rgano del Estado Dominicano y de todas las sociedades an\u00f3nimas, compa\u00f1\u00edas an\u00f3nimas o compa\u00f1\u00edas por acciones con participaci\u00f3n estatal.<\/p>\n\n\n\n<p><strong>RECIBIR<\/strong>&nbsp;informaci\u00f3n completa, veraz, adecuada y oportuna de cualquier \u00f3rgano del Estado Dominicano y de todas las sociedades an\u00f3nimas, compa\u00f1\u00edas an\u00f3nimas o compa\u00f1\u00edas por acciones con participaci\u00f3n estatal.<\/p>\n\n\n\n<p><strong>ACCESO<\/strong>&nbsp;gratuito a la informaci\u00f3n en tanto que no requiera reproducci\u00f3n de la misma.<\/p>\n\n\n\n<p><strong>SOLICITAR, RECIBIR y DIFUNDIR<\/strong>&nbsp;informaciones pertenecientes a la administraci\u00f3n del Estado.<\/p>\n\n\n\n<p><strong>CONOCER<\/strong>&nbsp;&nbsp;los &nbsp;proyectos &nbsp;de &nbsp;reglamentos &nbsp;y &nbsp;otras &nbsp;disposiciones &nbsp;de car\u00e1cter general que rigen las relaciones entre los particulares y la administraci\u00f3n.<\/p>\n\n\n\n<p><strong>OPINAR<\/strong>&nbsp;sobre los proyectos de reglamentos y otras disposiciones de car\u00e1cter general que rigen las relaciones entre los particulares y la administraci\u00f3n.<\/p>\n\n\n\n<p><strong>OBTENER<\/strong>&nbsp;informaci\u00f3n sobre los servicios que ofrece el Estado y sus tarifas.<\/p>\n\n\n\n<p><strong>SABER<\/strong>&nbsp; &nbsp;la&nbsp; &nbsp;estructura,&nbsp; &nbsp;integrantes,&nbsp; &nbsp;normativas&nbsp; &nbsp;de&nbsp; &nbsp;funcionamiento, proyectos, informes de gesti\u00f3n, y bases de datos de la administraci\u00f3n p\u00fablica.<\/p>\n\n\n\n<p><strong>CONOCER<\/strong>&nbsp;&nbsp;sobre &nbsp;los &nbsp;presupuestos &nbsp;y &nbsp;c\u00e1lculos &nbsp;de &nbsp;recursos &nbsp;y &nbsp;gastos aprobados, su evoluci\u00f3n y estado de ejecuci\u00f3n.<\/p>\n\n\n\n<p><strong>TENER<\/strong>&nbsp;informaci\u00f3n sobre los programas y proyectos, sus presupuestos, plazos, ejecuci\u00f3n y supervisi\u00f3n.<\/p>\n\n\n\n<p><strong>ESTAR AL TANTO<\/strong>&nbsp;sobre las licitaciones, concursos, compras, gastos y resultados.<\/p>\n\n\n\n<p><strong>ACCEDER<\/strong>&nbsp;a la n\u00f3mina del Estado y sus remuneraciones.<\/p>\n\n\n\n<p><strong>CONOCER<\/strong>&nbsp;&nbsp;la &nbsp;declaraci\u00f3n &nbsp;jurada &nbsp;patrimonial &nbsp;de &nbsp;los &nbsp;funcionarios &nbsp;del<\/p>\n\n\n\n<p>Estado cuando su presentaci\u00f3n corresponda por ley.<\/p>\n\n\n\n<p><strong>RECIBIR<\/strong>&nbsp;&nbsp;informaci\u00f3n &nbsp;sobre &nbsp;el &nbsp;listado &nbsp;de &nbsp;beneficiarios &nbsp;de &nbsp;programas asistenciales, subsidios, becas, jubilaciones, pensiones y retiros.<\/p>\n\n\n\n<p><strong>SABER<\/strong>&nbsp;sobre el estado de cuentas de la deuda p\u00fablica, sus vencimientos y pagos.<\/p>\n\n\n\n<p><strong>BUSCAR<\/strong>&nbsp;&nbsp; las&nbsp;&nbsp;&nbsp; leyes,&nbsp;&nbsp;&nbsp; decretos,&nbsp;&nbsp;&nbsp; resoluciones,&nbsp;&nbsp; disposiciones,&nbsp;&nbsp; marcos regulatorios y cualquier tipo de normativa.<\/p>\n\n\n\n<p><strong>SOLICITAR Y RECIBIR<\/strong>&nbsp;oportunamente cualquier tipo de documentaci\u00f3n<\/p>\n\n\n\n<p>financiera relativa al presupuesto p\u00fablico.<\/p>\n","protected":false},"excerpt":{"rendered":"<p>SOLICITAR&nbsp;informaci\u00f3n de cualquier \u00f3rgano del Estado Dominicano y de todas las sociedades an\u00f3nimas, compa\u00f1\u00edas an\u00f3nimas o compa\u00f1\u00edas por acciones con participaci\u00f3n estatal. RECIBIR&nbsp;informaci\u00f3n completa, veraz, adecuada y oportuna de cualquier \u00f3rgano del Estado Dominicano y de todas las sociedades an\u00f3nimas, compa\u00f1\u00edas an\u00f3nimas o compa\u00f1\u00edas por acciones con participaci\u00f3n estatal. ACCESO&nbsp;gratuito a la informaci\u00f3n en tanto [&hellip;]<\/p>\n","protected":false},"author":1,"featured_media":0,"parent":0,"menu_order":0,"comment_status":"closed","ping_status":"closed","template":"","meta":[],"_links":{"self":[{"href":"https:\/\/hospitalsenoraderegla.gob.do\/transparencia\/wp-json\/wp\/v2\/pages\/19"}],"collection":[{"href":"https:\/\/hospitalsenoraderegla.gob.do\/transparencia\/wp-json\/wp\/v2\/pages"}],"about":[{"href":"https:\/\/hospitalsenoraderegla.gob.do\/transparencia\/wp-json\/wp\/v2\/types\/page"}],"author":[{"embeddable":true,"href":"https:\/\/hospitalsenoraderegla.gob.do\/transparencia\/wp-json\/wp\/v2\/users\/1"}],"replies":[{"embeddable":true,"href":"https:\/\/hospitalsenoraderegla.gob.do\/transparencia\/wp-json\/wp\/v2\/comments?post=19"}],"version-history":[{"count":0,"href":"https:\/\/hospitalsenoraderegla.gob.do\/transparencia\/wp-json\/wp\/v2\/pages\/19\/revisions"}],"wp:attachment":[{"href":"https:\/\/hospitalsenoraderegla.gob.do\/transparencia\/wp-json\/wp\/v2\/media?parent=19"}],"curies":[{"name":"wp","href":"https:\/\/api.w.org\/{rel}","templated":true}]}}